{"id":37,"date":"2021-09-16T07:17:45","date_gmt":"2021-09-16T07:17:45","guid":{"rendered":"http:\/\/neurodanza.beta.pointblankbeta.gr\/?page_id=37"},"modified":"2022-10-20T10:49:05","modified_gmt":"2022-10-20T10:49:05","slug":"neurodanza","status":"publish","type":"page","link":"https:\/\/neurodanza.com\/es\/neurodanza\/","title":{"rendered":"Neurodanza"},"content":{"rendered":"<div class=\"wpb-content-wrapper\"><div class=\"vc_row wpb_row vc_row-fluid vc_row-o-content-middle vc_row-flex padding_top_none padding_bottom_1-2\"><div class=\"col-lg-push-6 col-md-push-6 wpb_column vc_column_container vc_col-sm-10 vc_col-md-6\"><div class=\"vc_column-inner\"><div class=\"wpb_wrapper\">\n\t<div  class=\"wpb_single_image wpb_content_element vc_align_left wpb_content_element  drawer_animation delayed\">\n\t\t\n\t\t<figure class=\"wpb_wrapper vc_figure\">\n\t\t\t<a href=\"\/es\/neurodanza\/ti-einai-i-neurodanza\/\" target=\"_self\" class=\"vc_single_image-wrapper   vc_box_border_grey\"><img loading=\"lazy\" decoding=\"async\" width=\"720\" height=\"480\" src=\"https:\/\/neurodanza.com\/wp-content\/uploads\/2022\/01\/grupo-y-maria-sentada-1-1.jpg\" class=\"vc_single_image-img attachment-full\" alt=\"\" title=\"grupo-y-maria-sentada-1-1\" srcset=\"https:\/\/neurodanza.com\/wp-content\/uploads\/2022\/01\/grupo-y-maria-sentada-1-1.jpg 720w, https:\/\/neurodanza.com\/wp-content\/uploads\/2022\/01\/grupo-y-maria-sentada-1-1-300x200.jpg 300w\" sizes=\"auto, (max-width: 720px) 100vw, 720px\" \/><\/a>\n\t\t<\/figure>\n\t<\/div>\n<\/div><\/div><\/div><div class=\"centralize col-lg-pull-6 col-md-pull-6 column_fadeinup_first wpb_column vc_column_container vc_col-sm-12 vc_col-md-6\"><div class=\"vc_column-inner\"><div class=\"wpb_wrapper\"><div class=\"heading_group_sc wpb_content_element text-left hgs_2\">\n\n      \n\n    <h2>Qu\u00e9 es Neurodanza\u00a9<\/h2>\n\n\n        \n   \n     \n\n<\/div>\n\t<div class=\"wpb_text_column wpb_content_element block-intent\" >\n\t\t<div class=\"wpb_wrapper\">\n\t\t\t<p>La metodolog\u00eda de <strong>Neurodanza<\/strong> \u00a9 ofrece una transformaci\u00f3n y evoluci\u00f3n personal de forma s\u00fatil y duradera. Es a trav\u00e9s del movimiento, la m\u00fasica y la atenci\u00f3n plena que liberamos gradualmente las limitaciones f\u00edsicas, mentales y emocionales que nos impiden vivir en paz, con \u00e9xito y alegr\u00eda.<\/p>\n\n\t\t<\/div>\n\t<\/div>\n<div class=\"plethora_button wpb_content_element  block-intent text-left\">\n\n    <a href=\"http:\/\/neurodanza.com\/es\/neurodanza\/ti-einai-i-neurodanza\/\" class=\"btn-link btn-default\" title=\"Qu\u00e9 es Neurodanza\u00a9\"  target=\"_self\" >\n\n        \n        M\u00e1s informaci\u00f3n ...\n        \n\n    <\/a>\n\n<\/div><\/div><\/div><\/div><\/div><div class=\"vc_row wpb_row vc_row-fluid vc_row-o-content-middle vc_row-flex padding_top_none padding_bottom_1-2\"><div class=\"wpb_column vc_column_container vc_col-sm-10 vc_col-md-6\"><div class=\"vc_column-inner\"><div class=\"wpb_wrapper\">\n\t<div  class=\"wpb_single_image wpb_content_element vc_align_left wpb_content_element  drawer_animation\">\n\t\t\n\t\t<figure class=\"wpb_wrapper vc_figure\">\n\t\t\t<a href=\"#\" target=\"_self\" class=\"vc_single_image-wrapper   vc_box_border_grey\"><img loading=\"lazy\" decoding=\"async\" width=\"720\" height=\"490\" src=\"https:\/\/neurodanza.com\/wp-content\/uploads\/2022\/01\/Maria-sentada-hablando-con-grupo.jpg\" class=\"vc_single_image-img attachment-full\" alt=\"\" title=\"Maria-sentada-hablando-con-grupo\" srcset=\"https:\/\/neurodanza.com\/wp-content\/uploads\/2022\/01\/Maria-sentada-hablando-con-grupo.jpg 720w, https:\/\/neurodanza.com\/wp-content\/uploads\/2022\/01\/Maria-sentada-hablando-con-grupo-300x204.jpg 300w\" sizes=\"auto, (max-width: 720px) 100vw, 720px\" \/><\/a>\n\t\t<\/figure>\n\t<\/div>\n<\/div><\/div><\/div><div class=\"centralize column_fadeinup wpb_column vc_column_container vc_col-sm-12 vc_col-md-6\"><div class=\"vc_column-inner\"><div class=\"wpb_wrapper\"><div class=\"heading_group_sc wpb_content_element text-left hgs_2\">\n\n      \n\n    <h2>Teor\u00eda<\/h2>\n\n\n        \n   \n     \n\n<\/div>\n\t<div class=\"wpb_text_column wpb_content_element block-intent\" >\n\t\t<div class=\"wpb_wrapper\">\n\t\t\t<p>Neurodanza\u00ae se basa en m\u00faltiples fundamentos te\u00f3ricos y recursos pr\u00e1cticos los cuales se adaptan a la forma de vida contempor\u00e1nea. Las tendencias actuales de la psicolog\u00eda y la ciencia que respaldan<\/p>\n\n\t\t<\/div>\n\t<\/div>\n<div class=\"plethora_button wpb_content_element  block-intent text-left\">\n\n    <a href=\"http:\/\/neurodanza.com\/es\/neurodanza\/theoria\/\" class=\"btn-link btn-default\" title=\"Teor\u00eda\"  target=\"_self\" >\n\n        \n        M\u00e1s informaci\u00f3n ...\n        \n\n    <\/a>\n\n<\/div><\/div><\/div><\/div><\/div><div class=\"vc_row wpb_row vc_row-fluid vc_row-o-content-middle vc_row-flex padding_top_none padding_bottom_1-2\"><div class=\"col-lg-push-6 col-md-push-6 wpb_column vc_column_container vc_col-sm-10 vc_col-md-6\"><div class=\"vc_column-inner\"><div class=\"wpb_wrapper\">\n\t<div  class=\"wpb_single_image wpb_content_element vc_align_left wpb_content_element  drawer_animation\">\n\t\t\n\t\t<figure class=\"wpb_wrapper vc_figure\">\n\t\t\t<a href=\"#\" target=\"_self\" class=\"vc_single_image-wrapper   vc_box_border_grey\"><img loading=\"lazy\" decoding=\"async\" width=\"812\" height=\"541\" src=\"https:\/\/neurodanza.com\/wp-content\/uploads\/2021\/09\/neurodanza-greece-8.jpg\" class=\"vc_single_image-img attachment-full\" alt=\"neurodanza-greece (8)\" title=\"Potenciales\" srcset=\"https:\/\/neurodanza.com\/wp-content\/uploads\/2021\/09\/neurodanza-greece-8.jpg 812w, https:\/\/neurodanza.com\/wp-content\/uploads\/2021\/09\/neurodanza-greece-8-300x200.jpg 300w, https:\/\/neurodanza.com\/wp-content\/uploads\/2021\/09\/neurodanza-greece-8-768x512.jpg 768w\" sizes=\"auto, (max-width: 812px) 100vw, 812px\" \/><\/a>\n\t\t<\/figure>\n\t<\/div>\n<\/div><\/div><\/div><div class=\"centralize col-lg-pull-6 col-md-pull-6 column_fadeinup wpb_column vc_column_container vc_col-sm-12 vc_col-md-6\"><div class=\"vc_column-inner\"><div class=\"wpb_wrapper\"><div class=\"heading_group_sc wpb_content_element text-left hgs_2\">\n\n      \n\n    <h2>Potenciales<\/h2>\n\n\n        \n   \n     \n\n<\/div>\n\t<div class=\"wpb_text_column wpb_content_element block-intent\" >\n\t\t<div class=\"wpb_wrapper\">\n\t\t\t<p>Potencial: rechaza todo lo est\u00e1tico, inm\u00f3vil e inmutable. Los potenciales humanos en la Neurodanza\u00a9 son el catalizador que activa el mundo interior e impulsa hacia el cambio positivo. El despertar y fortalecer los cinco potenciales favorece la renovaci\u00f3n deseada.<\/p>\n\n\t\t<\/div>\n\t<\/div>\n<div class=\"plethora_button wpb_content_element  block-intent text-left\">\n\n    <a href=\"http:\/\/neurodanza.com\/es\/neurodanza\/dynamikes\/\" class=\"btn-link btn-default\" title=\"Potenciales\"  target=\"_self\" >\n\n        \n        M\u00e1s informaci\u00f3n ...\n        \n\n    <\/a>\n\n<\/div><\/div><\/div><\/div><\/div><div class=\"vc_row wpb_row vc_row-fluid vc_row-o-content-middle vc_row-flex padding_top_none padding_bottom_1-2\"><div class=\"wpb_column vc_column_container vc_col-sm-10 vc_col-md-6\"><div class=\"vc_column-inner\"><div class=\"wpb_wrapper\">\n\t<div  class=\"wpb_single_image wpb_content_element vc_align_left wpb_content_element  drawer_animation\">\n\t\t\n\t\t<figure class=\"wpb_wrapper vc_figure\">\n\t\t\t<a href=\"#\" target=\"_self\" class=\"vc_single_image-wrapper   vc_box_border_grey\"><img loading=\"lazy\" decoding=\"async\" width=\"812\" height=\"541\" src=\"https:\/\/neurodanza.com\/wp-content\/uploads\/2021\/09\/neurodanza-greece-13.jpg\" class=\"vc_single_image-img attachment-full\" alt=\"neurodanza-greece (13)\" title=\"neurodanza-greece (13)\" srcset=\"https:\/\/neurodanza.com\/wp-content\/uploads\/2021\/09\/neurodanza-greece-13.jpg 812w, https:\/\/neurodanza.com\/wp-content\/uploads\/2021\/09\/neurodanza-greece-13-300x200.jpg 300w, https:\/\/neurodanza.com\/wp-content\/uploads\/2021\/09\/neurodanza-greece-13-768x512.jpg 768w\" sizes=\"auto, (max-width: 812px) 100vw, 812px\" \/><\/a>\n\t\t<\/figure>\n\t<\/div>\n<\/div><\/div><\/div><div class=\"centralize column_fadeinup wpb_column vc_column_container vc_col-sm-12 vc_col-md-6\"><div class=\"vc_column-inner\"><div class=\"wpb_wrapper\"><div class=\"heading_group_sc wpb_content_element text-left hgs_2\">\n\n      \n\n    <h2>Beneficios<\/h2>\n\n\n        \n   \n     \n\n<\/div>\n\t<div class=\"wpb_text_column wpb_content_element block-intent\" >\n\t\t<div class=\"wpb_wrapper\">\n\t\t\t<p>Aquellas personas que han practicado la Neurodanza\u00ae reconocen que con una sola sesi\u00f3n de Neurodanza\u00ae se pueden ver cambios y reconocen la din\u00e1mica que tiene esta metodolog\u00eda. La pr\u00e1ctica regular puede estimular cambios positivos deseados y mejorar significativamente la percepci\u00f3n de la vida y la salud mental, f\u00edsica y emocional.<\/p>\n\n\t\t<\/div>\n\t<\/div>\n<div class=\"plethora_button wpb_content_element  block-intent text-left\">\n\n    <a href=\"http:\/\/neurodanza.com\/es\/neurodanza\/ofeli\/\" class=\"btn-link btn-default\" title=\"Beneficios\"  target=\"_self\" >\n\n        \n        M\u00e1s informaci\u00f3n ...\n        \n\n    <\/a>\n\n<\/div><\/div><\/div><\/div><\/div><div class=\"vc_row wpb_row vc_row-fluid vc_row-o-content-middle vc_row-flex padding_top_none padding_bottom_1-2\"><div class=\"col-lg-push-6 col-md-push-6 wpb_column vc_column_container vc_col-sm-10 vc_col-md-6\"><div class=\"vc_column-inner\"><div class=\"wpb_wrapper\">\n\t<div  class=\"wpb_single_image wpb_content_element vc_align_left wpb_content_element  drawer_animation\">\n\t\t\n\t\t<figure class=\"wpb_wrapper vc_figure\">\n\t\t\t<a href=\"#\" target=\"_self\" class=\"vc_single_image-wrapper   vc_box_border_grey\"><img loading=\"lazy\" decoding=\"async\" width=\"2560\" height=\"1270\" src=\"https:\/\/neurodanza.com\/wp-content\/uploads\/2022\/10\/portrait-quer-1-scaled.jpg\" class=\"vc_single_image-img attachment-full\" alt=\"\" title=\"portrait quer\" srcset=\"https:\/\/neurodanza.com\/wp-content\/uploads\/2022\/10\/portrait-quer-1-scaled.jpg 2560w, https:\/\/neurodanza.com\/wp-content\/uploads\/2022\/10\/portrait-quer-1-300x149.jpg 300w, https:\/\/neurodanza.com\/wp-content\/uploads\/2022\/10\/portrait-quer-1-1024x508.jpg 1024w, https:\/\/neurodanza.com\/wp-content\/uploads\/2022\/10\/portrait-quer-1-768x381.jpg 768w, https:\/\/neurodanza.com\/wp-content\/uploads\/2022\/10\/portrait-quer-1-1536x762.jpg 1536w, https:\/\/neurodanza.com\/wp-content\/uploads\/2022\/10\/portrait-quer-1-2048x1016.jpg 2048w, https:\/\/neurodanza.com\/wp-content\/uploads\/2022\/10\/portrait-quer-1-18x9.jpg 18w, https:\/\/neurodanza.com\/wp-content\/uploads\/2022\/10\/portrait-quer-1-1600x794.jpg 1600w\" sizes=\"auto, (max-width: 2560px) 100vw, 2560px\" \/><\/a>\n\t\t<\/figure>\n\t<\/div>\n<\/div><\/div><\/div><div class=\"centralize col-lg-pull-6 col-md-pull-6 column_fadeinup wpb_column vc_column_container vc_col-sm-12 vc_col-md-6\"><div class=\"vc_column-inner\"><div class=\"wpb_wrapper\"><div class=\"heading_group_sc wpb_content_element text-left hgs_2\">\n\n      \n\n    <h2>La Facilitadora<\/h2>\n\n\n        \n   \n     \n\n<\/div>\n\t<div class=\"wpb_text_column wpb_content_element block-intent\" >\n\t\t<div class=\"wpb_wrapper\">\n\t\t\t<p>Todo comenz\u00f3 de ni\u00f1a. La danza y la m\u00fasica me ayudaron a sentir que a trav\u00e9s de mi propia expresi\u00f3n llegaba a crear condiciones de aumento de bienestar y vivir con mayor autoestima<\/p>\n\n\t\t<\/div>\n\t<\/div>\n<div class=\"plethora_button wpb_content_element  block-intent text-left\">\n\n    <a href=\"http:\/\/neurodanza.com\/es\/neurodanza\/facilitator\/\" class=\"btn-link btn-default\" title=\"La Facilitadora\"  target=\"_self\" >\n\n        \n        M\u00e1s informaci\u00f3n ...\n        \n\n    <\/a>\n\n<\/div><\/div><\/div><\/div><\/div>\n<\/div>","protected":false},"excerpt":{"rendered":"\u03a4\u03b9 \u03b5\u03af\u03bd\u03b1\u03b9 \u03b7 Neurodanza \u0397 \u03bc\u03b5\u03b8\u03bf\u03b4\u03bf\u03bb\u03bf\u03b3\u03af\u03b1 \u03c4\u03b7\u03c2 Neurodanza \u03c0\u03c1\u03bf\u03c3\u03c6\u03ad\u03c1\u03b5\u03b9 \u03c3\u03b5 \u03ba\u03ac\u03b8\u03b5 \u03c3\u03c5\u03bc\u03bc\u03b5\u03c4\u03ad\u03c7\u03bf\u03bd\u03c4\u03b1 \u03c4\u03b7\u03bd \u03b5\u03c5\u03ba\u03b1\u03b9\u03c1\u03af\u03b1 \u03b3\u03b9\u03b1 \u03c0\u03c1\u03bf\u03c3\u03c9\u03c0\u03b9\u03ba\u03ae \u03bc\u03b5\u03c4\u03b1\u03bc\u03cc\u03c1\u03c6\u03c9\u03c3\u03b7 \u03ba\u03b1\u03b9 \u03b5\u03be\u03ad\u03bb\u03b9\u03be\u03b7. \u039c\u03ad\u03c3\u03b1 \u03b1\u03c0\u03cc \u03ba\u03af\u03bd\u03b7\u03c3\u03b7, \u03bc\u03bf\u03c5\u03c3\u03b9\u03ba\u03ae, \u03c3\u03c5\u03bd\u03b5\u03b9\u03b4\u03b7\u03c4\u03cc\u03c4\u03b7\u03c4\u03b1 (mindfulness), \u03b1\u03c0\u03b5\u03bb\u03b5\u03c5\u03b8\u03b5\u03c1\u03ce\u03bd\u03bf\u03c5\u03bc\u03b5 \u03c3\u03c4\u03b1\u03b4\u03b9\u03b1\u03ba\u03ac \u03c3\u03c9\u03bc\u03b1\u03c4\u03b9\u03ba\u03bf\u03cd\u03c2, \u03bd\u03bf\u03b7\u03c4\u03b9\u03ba\u03bf\u03cd\u03c2 \u03ba\u03b1\u03b9 [...]","protected":false},"author":1,"featured_media":0,"parent":0,"menu_order":0,"comment_status":"closed","ping_status":"open","template":"","meta":{"inline_featured_image":false,"footnotes":""},"class_list":["post-37","page","type-page","status-publish","hentry"],"yoast_head":"<!-- This site is optimized with the Yoast SEO plugin v27.5 - https:\/\/yoast.com\/product\/yoast-seo-wordpress\/ -->\n<title>Neurodanza - Neurodanza<\/title>\n<meta name=\"robots\" content=\"index, follow, max-snippet:-1, max-image-preview:large, max-video-preview:-1\" \/>\n<link rel=\"canonical\" href=\"https:\/\/neurodanza.com\/es\/neurodanza\/\" \/>\n<meta property=\"og:locale\" content=\"es_ES\" \/>\n<meta property=\"og:type\" content=\"article\" \/>\n<meta property=\"og:title\" content=\"Neurodanza - Neurodanza\" \/>\n<meta property=\"og:url\" content=\"https:\/\/neurodanza.com\/es\/neurodanza\/\" \/>\n<meta property=\"og:site_name\" content=\"Neurodanza\" \/>\n<meta property=\"article:publisher\" content=\"https:\/\/www.facebook.com\/neurodanzagreece\/\" \/>\n<meta property=\"article:modified_time\" content=\"2022-10-20T10:49:05+00:00\" \/>\n<meta property=\"og:image\" content=\"https:\/\/neurodanza.com\/wp-content\/uploads\/2022\/08\/limites-1-scaled.jpg\" \/>\n\t<meta property=\"og:image:width\" content=\"1920\" \/>\n\t<meta property=\"og:image:height\" content=\"2560\" \/>\n\t<meta property=\"og:image:type\" content=\"image\/jpeg\" \/>\n<meta name=\"twitter:card\" content=\"summary_large_image\" \/>\n<meta name=\"twitter:label1\" content=\"Tiempo de lectura\" \/>\n\t<meta name=\"twitter:data1\" content=\"3 minutos\" \/>\n<script type=\"application\/ld+json\" class=\"yoast-schema-graph\">{\"@context\":\"https:\\\/\\\/schema.org\",\"@graph\":[{\"@type\":\"WebPage\",\"@id\":\"https:\\\/\\\/neurodanza.com\\\/neurodanza\\\/\",\"url\":\"https:\\\/\\\/neurodanza.com\\\/neurodanza\\\/\",\"name\":\"Neurodanza - Neurodanza\",\"isPartOf\":{\"@id\":\"https:\\\/\\\/neurodanza.com\\\/#website\"},\"datePublished\":\"2021-09-16T07:17:45+00:00\",\"dateModified\":\"2022-10-20T10:49:05+00:00\",\"breadcrumb\":{\"@id\":\"https:\\\/\\\/neurodanza.com\\\/neurodanza\\\/#breadcrumb\"},\"inLanguage\":\"es\",\"potentialAction\":[{\"@type\":\"ReadAction\",\"target\":[\"https:\\\/\\\/neurodanza.com\\\/neurodanza\\\/\"]}]},{\"@type\":\"BreadcrumbList\",\"@id\":\"https:\\\/\\\/neurodanza.com\\\/neurodanza\\\/#breadcrumb\",\"itemListElement\":[{\"@type\":\"ListItem\",\"position\":1,\"name\":\"\u0391\u03c1\u03c7\u03b9\u03ba\u03ae\",\"item\":\"https:\\\/\\\/neurodanza.com\\\/\"},{\"@type\":\"ListItem\",\"position\":2,\"name\":\"Neurodanza\"}]},{\"@type\":\"WebSite\",\"@id\":\"https:\\\/\\\/neurodanza.com\\\/#website\",\"url\":\"https:\\\/\\\/neurodanza.com\\\/\",\"name\":\"Neurodanza\",\"description\":\"\",\"publisher\":{\"@id\":\"https:\\\/\\\/neurodanza.com\\\/#\\\/schema\\\/person\\\/423d5326ec39750076bbebeac6f0c056\"},\"potentialAction\":[{\"@type\":\"SearchAction\",\"target\":{\"@type\":\"EntryPoint\",\"urlTemplate\":\"https:\\\/\\\/neurodanza.com\\\/?s={search_term_string}\"},\"query-input\":{\"@type\":\"PropertyValueSpecification\",\"valueRequired\":true,\"valueName\":\"search_term_string\"}}],\"inLanguage\":\"es\"},{\"@type\":[\"Person\",\"Organization\"],\"@id\":\"https:\\\/\\\/neurodanza.com\\\/#\\\/schema\\\/person\\\/423d5326ec39750076bbebeac6f0c056\",\"name\":\"Maria\",\"image\":{\"@type\":\"ImageObject\",\"inLanguage\":\"es\",\"@id\":\"https:\\\/\\\/neurodanza.com\\\/wp-content\\\/uploads\\\/2021\\\/09\\\/neurodanza-greece-logo.svg\",\"url\":\"https:\\\/\\\/neurodanza.com\\\/wp-content\\\/uploads\\\/2021\\\/09\\\/neurodanza-greece-logo.svg\",\"contentUrl\":\"https:\\\/\\\/neurodanza.com\\\/wp-content\\\/uploads\\\/2021\\\/09\\\/neurodanza-greece-logo.svg\",\"width\":292,\"height\":68,\"caption\":\"Maria\"},\"logo\":{\"@id\":\"https:\\\/\\\/neurodanza.com\\\/wp-content\\\/uploads\\\/2021\\\/09\\\/neurodanza-greece-logo.svg\"},\"sameAs\":[\"https:\\\/\\\/www.facebook.com\\\/neurodanzagreece\\\/\",\"https:\\\/\\\/www.instagram.com\\\/neurodanzagreece\\\/\"]}]}<\/script>\n<!-- \/ Yoast SEO plugin. -->","yoast_head_json":{"title":"Neurodanza - Neurodanza","robots":{"index":"index","follow":"follow","max-snippet":"max-snippet:-1","max-image-preview":"max-image-preview:large","max-video-preview":"max-video-preview:-1"},"canonical":"https:\/\/neurodanza.com\/es\/neurodanza\/","og_locale":"es_ES","og_type":"article","og_title":"Neurodanza - Neurodanza","og_url":"https:\/\/neurodanza.com\/es\/neurodanza\/","og_site_name":"Neurodanza","article_publisher":"https:\/\/www.facebook.com\/neurodanzagreece\/","article_modified_time":"2022-10-20T10:49:05+00:00","og_image":[{"width":1920,"height":2560,"url":"https:\/\/neurodanza.com\/wp-content\/uploads\/2022\/08\/limites-1-scaled.jpg","type":"image\/jpeg"}],"twitter_card":"summary_large_image","twitter_misc":{"Tiempo de lectura":"3 minutos"},"schema":{"@context":"https:\/\/schema.org","@graph":[{"@type":"WebPage","@id":"https:\/\/neurodanza.com\/neurodanza\/","url":"https:\/\/neurodanza.com\/neurodanza\/","name":"Neurodanza - Neurodanza","isPartOf":{"@id":"https:\/\/neurodanza.com\/#website"},"datePublished":"2021-09-16T07:17:45+00:00","dateModified":"2022-10-20T10:49:05+00:00","breadcrumb":{"@id":"https:\/\/neurodanza.com\/neurodanza\/#breadcrumb"},"inLanguage":"es","potentialAction":[{"@type":"ReadAction","target":["https:\/\/neurodanza.com\/neurodanza\/"]}]},{"@type":"BreadcrumbList","@id":"https:\/\/neurodanza.com\/neurodanza\/#breadcrumb","itemListElement":[{"@type":"ListItem","position":1,"name":"\u0391\u03c1\u03c7\u03b9\u03ba\u03ae","item":"https:\/\/neurodanza.com\/"},{"@type":"ListItem","position":2,"name":"Neurodanza"}]},{"@type":"WebSite","@id":"https:\/\/neurodanza.com\/#website","url":"https:\/\/neurodanza.com\/","name":"Neurodanza","description":"","publisher":{"@id":"https:\/\/neurodanza.com\/#\/schema\/person\/423d5326ec39750076bbebeac6f0c056"},"potentialAction":[{"@type":"SearchAction","target":{"@type":"EntryPoint","urlTemplate":"https:\/\/neurodanza.com\/?s={search_term_string}"},"query-input":{"@type":"PropertyValueSpecification","valueRequired":true,"valueName":"search_term_string"}}],"inLanguage":"es"},{"@type":["Person","Organization"],"@id":"https:\/\/neurodanza.com\/#\/schema\/person\/423d5326ec39750076bbebeac6f0c056","name":"Maria","image":{"@type":"ImageObject","inLanguage":"es","@id":"https:\/\/neurodanza.com\/wp-content\/uploads\/2021\/09\/neurodanza-greece-logo.svg","url":"https:\/\/neurodanza.com\/wp-content\/uploads\/2021\/09\/neurodanza-greece-logo.svg","contentUrl":"https:\/\/neurodanza.com\/wp-content\/uploads\/2021\/09\/neurodanza-greece-logo.svg","width":292,"height":68,"caption":"Maria"},"logo":{"@id":"https:\/\/neurodanza.com\/wp-content\/uploads\/2021\/09\/neurodanza-greece-logo.svg"},"sameAs":["https:\/\/www.facebook.com\/neurodanzagreece\/","https:\/\/www.instagram.com\/neurodanzagreece\/"]}]}},"_links":{"self":[{"href":"https:\/\/neurodanza.com\/es\/wp-json\/wp\/v2\/pages\/37","targetHints":{"allow":["GET"]}}],"collection":[{"href":"https:\/\/neurodanza.com\/es\/wp-json\/wp\/v2\/pages"}],"about":[{"href":"https:\/\/neurodanza.com\/es\/wp-json\/wp\/v2\/types\/page"}],"author":[{"embeddable":true,"href":"https:\/\/neurodanza.com\/es\/wp-json\/wp\/v2\/users\/1"}],"replies":[{"embeddable":true,"href":"https:\/\/neurodanza.com\/es\/wp-json\/wp\/v2\/comments?post=37"}],"version-history":[{"count":5,"href":"https:\/\/neurodanza.com\/es\/wp-json\/wp\/v2\/pages\/37\/revisions"}],"predecessor-version":[{"id":1282,"href":"https:\/\/neurodanza.com\/es\/wp-json\/wp\/v2\/pages\/37\/revisions\/1282"}],"wp:attachment":[{"href":"https:\/\/neurodanza.com\/es\/wp-json\/wp\/v2\/media?parent=37"}],"curies":[{"name":"wp","href":"https:\/\/api.w.org\/{rel}","templated":true}]}}