{"id":219,"date":"2021-09-21T14:53:13","date_gmt":"2021-09-21T14:53:13","guid":{"rendered":"http:\/\/neurodanza.beta.pointblankbeta.gr\/?page_id=219"},"modified":"2022-09-14T12:36:44","modified_gmt":"2022-09-14T12:36:44","slug":"theoria","status":"publish","type":"page","link":"https:\/\/neurodanza.com\/es\/neurodanza\/theoria\/","title":{"rendered":"Teor\u00eda"},"content":{"rendered":"<div class=\"wpb-content-wrapper\"><div class=\"vc_row wpb_row vc_row-fluid top_spacer padding_top_1-2 padding_bottom_none\"><div class=\"wpb_column vc_column_container vc_col-sm-12\"><div class=\"vc_column-inner\"><div class=\"wpb_wrapper\"><\/div><\/div><\/div><\/div><div class=\"vc_row wpb_row vc_row-fluid top-section-composition\"><div class=\"top-section-composition-text column_fadeinup_first wpb_column vc_column_container vc_col-sm-12 vc_col-md-7\"><div class=\"vc_column-inner\"><div class=\"wpb_wrapper\"><div class=\"heading_group_sc wpb_content_element text-left hgs_1\">\n\n      \n\n    <h1>Teor\u00eda<\/h1>\n\n\n        \n   \n     \n\n<\/div>\n\t<div class=\"wpb_text_column wpb_content_element top-section-composition-text-desc\" >\n\t\t<div class=\"wpb_wrapper\">\n\t\t\t<p>La <b>Neurodanza<\/b>\u00a9 se basa en m\u00faltiples fundamentos te\u00f3ricos y recursos pr\u00e1cticos los cuales se adaptan a la forma de vida contempor\u00e1nea. Las tendencias actuales de la psicolog\u00eda y la ciencia que respaldan a Neurodanza\u00ae son:<\/p>\n\n\t\t<\/div>\n\t<\/div>\n<\/div><\/div><\/div><div class=\"wpb_column vc_column_container vc_col-sm-5\"><div class=\"vc_column-inner\"><div class=\"wpb_wrapper\"><\/div><\/div><\/div><div class=\"top-section-composition-photo wpb_column vc_column_container vc_col-sm-12\"><div class=\"vc_column-inner\"><div class=\"wpb_wrapper\">\n\t<div  class=\"wpb_single_image wpb_content_element vc_align_right wpb_content_element  drawer_animation\">\n\t\t\n\t\t<figure class=\"wpb_wrapper vc_figure\">\n\t\t\t<div class=\"vc_single_image-wrapper   vc_box_border_grey\"><img loading=\"lazy\" decoding=\"async\" width=\"720\" height=\"490\" src=\"https:\/\/neurodanza.com\/wp-content\/uploads\/2022\/01\/Maria-sentada-hablando-con-grupo.jpg\" class=\"vc_single_image-img attachment-full\" alt=\"\" title=\"Maria-sentada-hablando-con-grupo\" srcset=\"https:\/\/neurodanza.com\/wp-content\/uploads\/2022\/01\/Maria-sentada-hablando-con-grupo.jpg 720w, https:\/\/neurodanza.com\/wp-content\/uploads\/2022\/01\/Maria-sentada-hablando-con-grupo-300x204.jpg 300w\" sizes=\"auto, (max-width: 720px) 100vw, 720px\" \/><\/div>\n\t\t<\/figure>\n\t<\/div>\n<\/div><\/div><\/div><\/div><div class=\"vc_row wpb_row vc_row-fluid section_fadeinup vc_row-o-content-middle vc_row-flex padding_top_none padding_bottom_1-2\"><div class=\"wpb_column vc_column_container vc_col-sm-12 vc_col-md-5\"><div class=\"vc_column-inner\"><div class=\"wpb_wrapper\"><div class=\"pl_fixed_ratio_media   wpb_content_element\">\n\n\n\n        <div class=\"video_iframe stretchy_wrapper ratio_1-1\">\n          <iframe loading=\"lazy\" src=\"https:\/\/player.vimeo.com\/video\/749553509?dnt=1&amp;app_id=122963\" width=\"960\" height=\"540\"><\/iframe>\n        <\/div>\n\n\n<\/div><\/div><\/div><\/div><div class=\"wpb_column vc_column_container vc_col-sm-12 vc_col-md-offset-1 vc_col-md-6\"><div class=\"vc_column-inner\"><div class=\"wpb_wrapper\"><div class=\"heading_group_sc wpb_content_element text-left hgs_2\">\n\n      \n\n    <h2>La neuroplasticidad del cerebro<\/h2>\n\n\n        \n   \n     \n\n<\/div>\n\t<div class=\"wpb_text_column wpb_content_element intend-text\" >\n\t\t<div class=\"wpb_wrapper\">\n\t\t\t<p>Los neurocient\u00edficos pioneros en la investigaci\u00f3n de la plasticidad cerebral de las \u00faltimas d\u00e9cadas, explican que el cerebro contin\u00faa creando nuevas sinapsis de neuronas y modificando las existentes cuando se le estimula con nuevas experiencias. Al vivenciar en la Neurodanza nuevos y naturales comportamientos y procesando nueva informaci\u00f3n, se le ofrece al sistema nervioso la oportunidad de cambiar y reemplazar estructuras limitantes en nuestra forma de pensar y de relacionarnos.<\/p>\n\n\t\t<\/div>\n\t<\/div>\n\n\t<div class=\"wpb_text_column wpb_content_element\" >\n\t\t<div class=\"wpb_wrapper\">\n\t\t\t<blockquote><p>\nCon el enfoque de la neurociencia, la Neurodanza\u00ae despierta nuevos modelos de conducta con mayor afinidad y propios de la naturaleza humana, favoreciendo un fluir del d\u00eda a d\u00eda acorde con las circunstancias en las que vivimos.\n<\/p><\/blockquote>\n\n\t\t<\/div>\n\t<\/div>\n<\/div><\/div><\/div><\/div><div class=\"vc_row wpb_row vc_row-fluid section_fadeinup vc_row-o-content-middle vc_row-flex padding_top_none padding_bottom_1-2\"><div class=\"col-lg-push-7 col-md-push-7 wpb_column vc_column_container vc_col-sm-12 vc_col-md-5\"><div class=\"vc_column-inner\"><div class=\"wpb_wrapper\"><div class=\"pl_fixed_ratio_media   wpb_content_element\">\n\n        \n\n        <div class=\"stretchy_wrapper ratio_2-3   bg_vcenter\" style=\"background-image: url('https:\/\/neurodanza.com\/wp-content\/uploads\/2022\/02\/coaching.jpg');\">\n\n          <img decoding=\"async\" src=\"https:\/\/neurodanza.com\/wp-content\/uploads\/2022\/02\/coaching.jpg\" title=\"coaching\">\n          \n        <\/div>\n\n        \n\n\n<\/div><\/div><\/div><\/div><div class=\"col-lg-pull-6 col-md-pull-6 wpb_column vc_column_container vc_col-sm-12 vc_col-md-offset-1 vc_col-md-6\"><div class=\"vc_column-inner\"><div class=\"wpb_wrapper\"><div class=\"heading_group_sc wpb_content_element text-left hgs_2\">\n\n      \n\n    <h2>El Coaching<\/h2>\n\n\n        \n   \n     \n\n<\/div>\n\t<div class=\"wpb_text_column wpb_content_element intend-text\" >\n\t\t<div class=\"wpb_wrapper\">\n\t\t\t<p>La metodolog\u00eda del coaching se basa en procedimientos y acercamientos sociofilos\u00f3ficos utilizadas por fil\u00f3sofos de la antig\u00fcedad como S\u00f3crates, Plat\u00f3n, Arist\u00f3teles y permite al hombre aprender a trav\u00e9s de la experiencia personal, el descubrimiento, la inspiraci\u00f3n, la verificaci\u00f3n y la experiencia interior.<\/p>\n\n\t\t<\/div>\n\t<\/div>\n\n\t<div class=\"wpb_text_column wpb_content_element\" >\n\t\t<div class=\"wpb_wrapper\">\n\t\t\t<blockquote><p>\nNeurodanza\u00ae ofrece experiencias importantes a nivel f\u00edsico, emocional y mental, as\u00ed como herramientas que apoyan a la persona en este proceso de autoconocimiento. \n\nEl objetivo es llegar a vivir de forma equilibrada y en consonancia entre cuerpo y mente. Las herramientas como es el Coaching permiten a las personas descubrir por s\u00ed mismas las creencias limitantes, darse cuenta de lo que supone hasta ahora vivir con ellas y asumir la responsabilidad de acceptar, valorar sus virtudes o defectos y llegar a cambiar y crecer como persona.\n<\/p><\/blockquote>\n\n\t\t<\/div>\n\t<\/div>\n<\/div><\/div><\/div><\/div><div class=\"vc_row wpb_row vc_row-fluid section_fadeinup padding_top_none padding_bottom_1-2\"><div class=\"wpb_column vc_column_container vc_col-sm-12 vc_col-md-offset-1 vc_col-md-10\"><div class=\"vc_column-inner\"><div class=\"wpb_wrapper\"><\/div><\/div><\/div><\/div><div class=\"vc_row wpb_row vc_row-fluid section_fadeinup vc_row-o-content-middle vc_row-flex padding_top_none padding_bottom_1-2\"><div class=\"wpb_column vc_column_container vc_col-sm-12 vc_col-md-5\"><div class=\"vc_column-inner\"><div class=\"wpb_wrapper\"><div class=\"pl_fixed_ratio_media   wpb_content_element\">\n\n        \n\n        <div class=\"stretchy_wrapper ratio_2-3   bg_vcenter\" style=\"background-image: url('https:\/\/neurodanza.com\/wp-content\/uploads\/2022\/01\/Kalliopi-y-Valia-esoterikevsi-1.png');\">\n\n          <img decoding=\"async\" src=\"https:\/\/neurodanza.com\/wp-content\/uploads\/2022\/01\/Kalliopi-y-Valia-esoterikevsi-1.png\" title=\"\u03a5\u03c0\u03b5\u03c1\u03b2\u03b1\u03c4\u03b9\u03ba\u03cc \u0394\u03c5\u03bd\u03b1\u03bc\u03b9\u03ba\u03cc\">\n          \n        <\/div>\n\n        \n\n\n<\/div><\/div><\/div><\/div><div class=\"wpb_column vc_column_container vc_col-sm-12 vc_col-md-offset-1 vc_col-md-6\"><div class=\"vc_column-inner\"><div class=\"wpb_wrapper\"><div class=\"heading_group_sc wpb_content_element text-left hgs_2\">\n\n      \n\n    <h2>La t\u00e9cnica del Mindfulness<\/h2>\n\n\n        \n   \n     \n\n<\/div>\n\t<div class=\"wpb_text_column wpb_content_element intend-text\" >\n\t\t<div class=\"wpb_wrapper\">\n\t\t\t<p><span style=\"font-weight: 400;\">(Mente y conciencia plena en el presente) <\/span><\/p>\n\n\t\t<\/div>\n\t<\/div>\n\n\t<div class=\"wpb_text_column wpb_content_element intend-text\" >\n\t\t<div class=\"wpb_wrapper\">\n\t\t\t<p>Fue formulada en 1979 por el profesor de medicina Jon Kabat-Zinn. Sugiere mantener toda la atenci\u00f3n en lo que hacemos en el aqu\u00ed y ahora y aceptar que la persona experimenta emociones.<\/p>\n\n\t\t<\/div>\n\t<\/div>\n\n\t<div class=\"wpb_text_column wpb_content_element\" >\n\t\t<div class=\"wpb_wrapper\">\n\t\t\t<blockquote><p>\nNeurodanza\u00ae ofrece a la persona el espacio y el tiempo para prestar total atenci\u00f3n a las emociones o pensamientos que est\u00e1 experimentando, ya sean en las sesiones o en la vida cotidiana y lograr aceptar cualquier experiencia tal cual se est\u00e1 dando sin juicio alguno.\n<\/p><\/blockquote>\n\n\t\t<\/div>\n\t<\/div>\n<\/div><\/div><\/div><\/div><div class=\"vc_row wpb_row vc_row-fluid section_fadeinup vc_row-o-content-middle vc_row-flex padding_top_none padding_bottom_1-2\"><div class=\"wpb_column vc_column_container vc_col-sm-6\"><div class=\"vc_column-inner\"><div class=\"wpb_wrapper\">\n\t<div class=\"wpb_text_column wpb_content_element\" >\n\t\t<div class=\"wpb_wrapper\">\n\t\t\t<p>Si desea leer m\u00e1s sobre las bases te\u00f3ricas de Neurodanza, <a href=\"\/es\/category\/theoria\/\">segu\u00edd leyendo en la categor\u00eda de BLOG.<\/a><\/p>\n\n\t\t<\/div>\n\t<\/div>\n<\/div><\/div><\/div><div class=\"wpb_column vc_column_container vc_col-sm-6\"><div class=\"vc_column-inner\"><div class=\"wpb_wrapper\"><div class=\"plethora_button wpb_content_element   text-left\">\n\n    <a href=\"\/es\/category\/theoria\/\" class=\"btn-lg btn btn-default with-icon icon-right\" title=\"\"  target=\"_self\" >\n\n        \n        Teor\u00eda\n         <i class=\"fa fa-long-arrow-right\"><\/i> \n\n    <\/a>\n\n<\/div><\/div><\/div><\/div><\/div><div class=\"vc_row wpb_row vc_row-fluid section_fadeinup padding_top_none padding_bottom_1-2\"><div class=\"wpb_column vc_column_container vc_col-sm-12 vc_col-md-offset-1 vc_col-md-10\"><div class=\"vc_column-inner\"><div class=\"wpb_wrapper\"><div class=\"heading_group_sc wpb_content_element text-center hgs_2\">\n\n      \n\n    <h2>Transforma tu propia realidad con apoyo cient\u00edfico.\n\nSolo t\u00fa puedes lograr ser tus propias circunstancias.<\/h2>\n\n\n        \n   \n     \n\n<\/div><\/div><\/div><\/div><\/div><div class=\"vc_row wpb_row vc_row-fluid section_fadeinup padding_top_1-4 padding_bottom_1-4\"><div class=\"text-center wpb_column vc_column_container vc_col-sm-12\"><div class=\"vc_column-inner\"><div class=\"wpb_wrapper\"><div class=\"plethora_button wpb_content_element   text-center\">\n\n    <a href=\"http:\/\/neurodanza.com\/es\/programmata\/\" class=\"btn-lg btn btn-inv btn-secondary\" title=\"Cursos\"  target=\"_self\" >\n\n        \n        \u00a1ELIGA EL CURSO QUE M\u00c1S LE INTERESE!\n        \n\n    <\/a>\n\n<\/div><\/div><\/div><\/div><\/div><div class=\"vc_row wpb_row vc_row-fluid section_fadeinup padding_top_none padding_bottom_1-2\"><div class=\"wpb_column vc_column_container vc_col-sm-12 vc_col-md-offset-1 vc_col-md-10\"><div class=\"vc_column-inner\"><div class=\"wpb_wrapper\"><div class=\"heading_group_sc wpb_content_element text-center hgs_2\">\n\n      \n\n    <h2>Juntos convirtamos la teor\u00eda en pr\u00e1ctica. Ven y descubre el mundo que se despliega con Neurodanza \u00a9.<\/h2>\n\n\n        \n   \n     \n\n<\/div><\/div><\/div><\/div><\/div>\n<\/div>","protected":false},"excerpt":{"rendered":"\u0398\u03b5\u03c9\u03c1\u03af\u03b1 \u0397 Neurodanza\u00ae \u03ad\u03c7\u03b5\u03b9 \u03c0\u03bf\u03bb\u03bb\u03b1\u03c0\u03bb\u03ad\u03c2 \u03b8\u03b5\u03c9\u03c1\u03b7\u03c4\u03b9\u03ba\u03ad\u03c2 \u03b2\u03ac\u03c3\u03b5\u03b9\u03c2 \u03ba\u03b1\u03b9 \u03b3\u03b5\u03c1\u03ac \u03b8\u03b5\u03bc\u03ad\u03bb\u03b9\u03b1, \u03c0\u03ac\u03bd\u03c9 \u03c3\u03c4\u03b1 \u03bf\u03c0\u03bf\u03af\u03b1 \u03c7\u03c4\u03af\u03b6\u03b5\u03b9 \u03cc\u03bb\u03b7 \u03c4\u03b7 \u03c6\u03b9\u03bb\u03bf\u03c3\u03bf\u03c6\u03af\u03b1 \u03c4\u03b7\u03c2. \u03a4\u03b1 \u03c3\u03cd\u03b3\u03c7\u03c1\u03bf\u03bd\u03b1 \u03c1\u03b5\u03cd\u03bc\u03b1\u03c4\u03b1 \u03b1\u03c0\u03cc \u03c4\u03bf \u03c7\u03ce\u03c1\u03bf \u03c4\u03b7\u03c2 \u03c8\u03c5\u03c7\u03bf\u03bb\u03bf\u03b3\u03af\u03b1\u03c2 \u03ba\u03b1\u03b9 \u03c4\u03c9\u03bd \u03b5\u03c0\u03b9\u03c3\u03c4\u03b7\u03bc\u03ce\u03bd \u03c0\u03bf\u03c5 [...]","protected":false},"author":1,"featured_media":0,"parent":37,"menu_order":0,"comment_status":"closed","ping_status":"closed","template":"","meta":{"inline_featured_image":false,"footnotes":""},"class_list":["post-219","page","type-page","status-publish","hentry"],"yoast_head":"<!-- This site is optimized with the Yoast SEO plugin v27.5 - https:\/\/yoast.com\/product\/yoast-seo-wordpress\/ -->\n<title>\u0398\u03b5\u03c9\u03c1\u03af\u03b1 - Neurodanza<\/title>\n<meta name=\"robots\" content=\"index, follow, max-snippet:-1, max-image-preview:large, max-video-preview:-1\" \/>\n<link rel=\"canonical\" href=\"https:\/\/neurodanza.com\/es\/neurodanza\/theoria\/\" \/>\n<meta property=\"og:locale\" content=\"es_ES\" \/>\n<meta property=\"og:type\" content=\"article\" \/>\n<meta property=\"og:title\" content=\"\u0398\u03b5\u03c9\u03c1\u03af\u03b1 - Neurodanza\" \/>\n<meta property=\"og:url\" content=\"https:\/\/neurodanza.com\/es\/neurodanza\/theoria\/\" \/>\n<meta property=\"og:site_name\" content=\"Neurodanza\" \/>\n<meta property=\"article:publisher\" content=\"https:\/\/www.facebook.com\/neurodanzagreece\/\" \/>\n<meta property=\"article:modified_time\" content=\"2022-09-14T12:36:44+00:00\" \/>\n<meta property=\"og:image\" content=\"https:\/\/neurodanza.com\/wp-content\/uploads\/2022\/08\/limites-1-scaled.jpg\" \/>\n\t<meta property=\"og:image:width\" content=\"1920\" \/>\n\t<meta property=\"og:image:height\" content=\"2560\" \/>\n\t<meta property=\"og:image:type\" content=\"image\/jpeg\" \/>\n<meta name=\"twitter:card\" content=\"summary_large_image\" \/>\n<meta name=\"twitter:label1\" content=\"Tiempo de lectura\" \/>\n\t<meta name=\"twitter:data1\" content=\"3 minutos\" \/>\n<script type=\"application\/ld+json\" class=\"yoast-schema-graph\">{\"@context\":\"https:\\\/\\\/schema.org\",\"@graph\":[{\"@type\":\"WebPage\",\"@id\":\"https:\\\/\\\/neurodanza.com\\\/neurodanza\\\/theoria\\\/\",\"url\":\"https:\\\/\\\/neurodanza.com\\\/neurodanza\\\/theoria\\\/\",\"name\":\"\u0398\u03b5\u03c9\u03c1\u03af\u03b1 - Neurodanza\",\"isPartOf\":{\"@id\":\"https:\\\/\\\/neurodanza.com\\\/#website\"},\"datePublished\":\"2021-09-21T14:53:13+00:00\",\"dateModified\":\"2022-09-14T12:36:44+00:00\",\"breadcrumb\":{\"@id\":\"https:\\\/\\\/neurodanza.com\\\/neurodanza\\\/theoria\\\/#breadcrumb\"},\"inLanguage\":\"es\",\"potentialAction\":[{\"@type\":\"ReadAction\",\"target\":[\"https:\\\/\\\/neurodanza.com\\\/neurodanza\\\/theoria\\\/\"]}]},{\"@type\":\"BreadcrumbList\",\"@id\":\"https:\\\/\\\/neurodanza.com\\\/neurodanza\\\/theoria\\\/#breadcrumb\",\"itemListElement\":[{\"@type\":\"ListItem\",\"position\":1,\"name\":\"\u0391\u03c1\u03c7\u03b9\u03ba\u03ae\",\"item\":\"https:\\\/\\\/neurodanza.com\\\/\"},{\"@type\":\"ListItem\",\"position\":2,\"name\":\"Neurodanza\",\"item\":\"https:\\\/\\\/neurodanza.com\\\/neurodanza\\\/\"},{\"@type\":\"ListItem\",\"position\":3,\"name\":\"\u0398\u03b5\u03c9\u03c1\u03af\u03b1\"}]},{\"@type\":\"WebSite\",\"@id\":\"https:\\\/\\\/neurodanza.com\\\/#website\",\"url\":\"https:\\\/\\\/neurodanza.com\\\/\",\"name\":\"Neurodanza\",\"description\":\"\",\"publisher\":{\"@id\":\"https:\\\/\\\/neurodanza.com\\\/#\\\/schema\\\/person\\\/423d5326ec39750076bbebeac6f0c056\"},\"potentialAction\":[{\"@type\":\"SearchAction\",\"target\":{\"@type\":\"EntryPoint\",\"urlTemplate\":\"https:\\\/\\\/neurodanza.com\\\/?s={search_term_string}\"},\"query-input\":{\"@type\":\"PropertyValueSpecification\",\"valueRequired\":true,\"valueName\":\"search_term_string\"}}],\"inLanguage\":\"es\"},{\"@type\":[\"Person\",\"Organization\"],\"@id\":\"https:\\\/\\\/neurodanza.com\\\/#\\\/schema\\\/person\\\/423d5326ec39750076bbebeac6f0c056\",\"name\":\"Maria\",\"image\":{\"@type\":\"ImageObject\",\"inLanguage\":\"es\",\"@id\":\"https:\\\/\\\/neurodanza.com\\\/wp-content\\\/uploads\\\/2021\\\/09\\\/neurodanza-greece-logo.svg\",\"url\":\"https:\\\/\\\/neurodanza.com\\\/wp-content\\\/uploads\\\/2021\\\/09\\\/neurodanza-greece-logo.svg\",\"contentUrl\":\"https:\\\/\\\/neurodanza.com\\\/wp-content\\\/uploads\\\/2021\\\/09\\\/neurodanza-greece-logo.svg\",\"width\":292,\"height\":68,\"caption\":\"Maria\"},\"logo\":{\"@id\":\"https:\\\/\\\/neurodanza.com\\\/wp-content\\\/uploads\\\/2021\\\/09\\\/neurodanza-greece-logo.svg\"},\"sameAs\":[\"https:\\\/\\\/www.facebook.com\\\/neurodanzagreece\\\/\",\"https:\\\/\\\/www.instagram.com\\\/neurodanzagreece\\\/\"]}]}<\/script>\n<!-- \/ Yoast SEO plugin. -->","yoast_head_json":{"title":"\u0398\u03b5\u03c9\u03c1\u03af\u03b1 - Neurodanza","robots":{"index":"index","follow":"follow","max-snippet":"max-snippet:-1","max-image-preview":"max-image-preview:large","max-video-preview":"max-video-preview:-1"},"canonical":"https:\/\/neurodanza.com\/es\/neurodanza\/theoria\/","og_locale":"es_ES","og_type":"article","og_title":"\u0398\u03b5\u03c9\u03c1\u03af\u03b1 - Neurodanza","og_url":"https:\/\/neurodanza.com\/es\/neurodanza\/theoria\/","og_site_name":"Neurodanza","article_publisher":"https:\/\/www.facebook.com\/neurodanzagreece\/","article_modified_time":"2022-09-14T12:36:44+00:00","og_image":[{"width":1920,"height":2560,"url":"https:\/\/neurodanza.com\/wp-content\/uploads\/2022\/08\/limites-1-scaled.jpg","type":"image\/jpeg"}],"twitter_card":"summary_large_image","twitter_misc":{"Tiempo de lectura":"3 minutos"},"schema":{"@context":"https:\/\/schema.org","@graph":[{"@type":"WebPage","@id":"https:\/\/neurodanza.com\/neurodanza\/theoria\/","url":"https:\/\/neurodanza.com\/neurodanza\/theoria\/","name":"\u0398\u03b5\u03c9\u03c1\u03af\u03b1 - Neurodanza","isPartOf":{"@id":"https:\/\/neurodanza.com\/#website"},"datePublished":"2021-09-21T14:53:13+00:00","dateModified":"2022-09-14T12:36:44+00:00","breadcrumb":{"@id":"https:\/\/neurodanza.com\/neurodanza\/theoria\/#breadcrumb"},"inLanguage":"es","potentialAction":[{"@type":"ReadAction","target":["https:\/\/neurodanza.com\/neurodanza\/theoria\/"]}]},{"@type":"BreadcrumbList","@id":"https:\/\/neurodanza.com\/neurodanza\/theoria\/#breadcrumb","itemListElement":[{"@type":"ListItem","position":1,"name":"\u0391\u03c1\u03c7\u03b9\u03ba\u03ae","item":"https:\/\/neurodanza.com\/"},{"@type":"ListItem","position":2,"name":"Neurodanza","item":"https:\/\/neurodanza.com\/neurodanza\/"},{"@type":"ListItem","position":3,"name":"\u0398\u03b5\u03c9\u03c1\u03af\u03b1"}]},{"@type":"WebSite","@id":"https:\/\/neurodanza.com\/#website","url":"https:\/\/neurodanza.com\/","name":"Neurodanza","description":"","publisher":{"@id":"https:\/\/neurodanza.com\/#\/schema\/person\/423d5326ec39750076bbebeac6f0c056"},"potentialAction":[{"@type":"SearchAction","target":{"@type":"EntryPoint","urlTemplate":"https:\/\/neurodanza.com\/?s={search_term_string}"},"query-input":{"@type":"PropertyValueSpecification","valueRequired":true,"valueName":"search_term_string"}}],"inLanguage":"es"},{"@type":["Person","Organization"],"@id":"https:\/\/neurodanza.com\/#\/schema\/person\/423d5326ec39750076bbebeac6f0c056","name":"Maria","image":{"@type":"ImageObject","inLanguage":"es","@id":"https:\/\/neurodanza.com\/wp-content\/uploads\/2021\/09\/neurodanza-greece-logo.svg","url":"https:\/\/neurodanza.com\/wp-content\/uploads\/2021\/09\/neurodanza-greece-logo.svg","contentUrl":"https:\/\/neurodanza.com\/wp-content\/uploads\/2021\/09\/neurodanza-greece-logo.svg","width":292,"height":68,"caption":"Maria"},"logo":{"@id":"https:\/\/neurodanza.com\/wp-content\/uploads\/2021\/09\/neurodanza-greece-logo.svg"},"sameAs":["https:\/\/www.facebook.com\/neurodanzagreece\/","https:\/\/www.instagram.com\/neurodanzagreece\/"]}]}},"_links":{"self":[{"href":"https:\/\/neurodanza.com\/es\/wp-json\/wp\/v2\/pages\/219","targetHints":{"allow":["GET"]}}],"collection":[{"href":"https:\/\/neurodanza.com\/es\/wp-json\/wp\/v2\/pages"}],"about":[{"href":"https:\/\/neurodanza.com\/es\/wp-json\/wp\/v2\/types\/page"}],"author":[{"embeddable":true,"href":"https:\/\/neurodanza.com\/es\/wp-json\/wp\/v2\/users\/1"}],"replies":[{"embeddable":true,"href":"https:\/\/neurodanza.com\/es\/wp-json\/wp\/v2\/comments?post=219"}],"version-history":[{"count":5,"href":"https:\/\/neurodanza.com\/es\/wp-json\/wp\/v2\/pages\/219\/revisions"}],"predecessor-version":[{"id":1170,"href":"https:\/\/neurodanza.com\/es\/wp-json\/wp\/v2\/pages\/219\/revisions\/1170"}],"up":[{"embeddable":true,"href":"https:\/\/neurodanza.com\/es\/wp-json\/wp\/v2\/pages\/37"}],"wp:attachment":[{"href":"https:\/\/neurodanza.com\/es\/wp-json\/wp\/v2\/media?parent=219"}],"curies":[{"name":"wp","href":"https:\/\/api.w.org\/{rel}","templated":true}]}}